{"id":241,"date":"2025-12-03T09:06:37","date_gmt":"2025-12-03T09:06:37","guid":{"rendered":"http:\/\/www.zeyra.com.pl\/?page_id=241"},"modified":"2025-12-04T09:53:02","modified_gmt":"2025-12-04T09:53:02","slug":"oferta","status":"publish","type":"page","link":"https:\/\/www.zeyra.com.pl\/?page_id=241","title":{"rendered":"Oferta"},"content":{"rendered":"\n<h1 class=\"wp-block-heading\">Oferta<\/h1>\n\n\n\n<h2 class=\"wp-block-heading\">Fotowoltaika, pompy ciep\u0142a i magazyny energii<\/h2>\n\n\n\n<p>ZEYRA specjalizuje si\u0119 w kompleksowych rozwi\u0105zaniach OZE dla domu i firmy na terenie wojew\u00f3dztwa \u015bl\u0105skiego(nie tylko). Dobieramy instalacje fotowoltaiczne, pompy ciep\u0142a i magazyny energii, a do tego pomagamy w dotacjach i grantach OZE. Wszystko po to, \u017ceby Twoje rachunki by\u0142y ni\u017csze, a formalno\u015bci jak najmniej.<\/p>\n\n\n\n<h2 class=\"wp-block-heading\">Fotowoltaika dla domu<\/h2>\n\n\n\n<p><strong>Obni\u017c rachunki za pr\u0105d i uniezale\u017cnij si\u0119 od podwy\u017cek cen energii.<\/strong><\/p>\n\n\n\n<ul class=\"wp-block-list\">\n<li>dob\u00f3r mocy instalacji na podstawie rachunk\u00f3w za pr\u0105d,<\/li>\n\n\n\n<li>dob\u00f3r sprawdzonych paneli i falownik\u00f3w,<\/li>\n\n\n\n<li>projekt instalacji dopasowany do dachu lub gruntu,<\/li>\n\n\n\n<li>zg\u0142oszenie do operatora sieci,<\/li>\n\n\n\n<li>pomoc w uzyskaniu dotacji (np. \u201eM\u00f3j Pr\u0105d\u201d, lokalne granty OZE na \u015al\u0105sku).<\/li>\n<\/ul>\n\n\n\n<p><strong>Dla kogo?<\/strong><br>Dla w\u0142a\u015bcicieli dom\u00f3w jednorodzinnych, kt\u00f3rzy chc\u0105 p\u0142aci\u0107 mniej za pr\u0105d i mie\u0107 stabilne koszty energii przez lata.<\/p>\n\n\n\n<div class=\"wp-block-buttons is-layout-flex wp-block-buttons-is-layout-flex\"><\/div>\n\n\n\n<h2 class=\"wp-block-heading\">Fotowoltaika dla firmy<\/h2>\n\n\n\n<p><strong>Obni\u017c rachunki za pr\u0105d i uniezale\u017cnij si\u0119 od podwy\u017cek cen energii.<\/strong><\/p>\n\n\n\n<ul class=\"wp-block-list\">\n<li>dob\u00f3r mocy instalacji na podstawie rachunk\u00f3w za pr\u0105d,<\/li>\n\n\n\n<li>dob\u00f3r sprawdzonych paneli i falownik\u00f3w,<\/li>\n\n\n\n<li>projekt instalacji dopasowany do dachu lub gruntu,<\/li>\n\n\n\n<li>zg\u0142oszenie do operatora sieci,<\/li>\n\n\n\n<li>pomoc w uzyskaniu dotacji (np. \u201eM\u00f3j Pr\u0105d\u201d, lokalne granty OZE na \u015al\u0105sku).<\/li>\n<\/ul>\n\n\n\n<p><strong>Dla kogo?<\/strong><br>Dla ma\u0142ych i \u015brednich firm, kt\u00f3re chc\u0105 obni\u017cy\u0107 koszty energii i zabezpieczy\u0107 si\u0119 przed podwy\u017ckami cen pr\u0105du.<\/p>\n\n\n\n<h2 class=\"wp-block-heading\">Pompy ciep\u0142a<\/h2>\n\n\n\n<p><strong>Nowoczesne ogrzewanie z wykorzystaniem energii z otoczenia.<\/strong><\/p>\n\n\n\n<ul class=\"wp-block-list\">\n<li>dob\u00f3r typu pompy ciep\u0142a (powietrzna\/woda, split\/monoblok),<\/li>\n\n\n\n<li>analiza obecnego systemu grzewczego i mo\u017cliwo\u015bci modernizacji,<\/li>\n\n\n\n<li>przygotowanie koncepcji po\u0142\u0105czenia pompy ciep\u0142a z fotowoltaik\u0105,<\/li>\n\n\n\n<li>wsparcie w dotacjach na wymian\u0119 \u017ar\u00f3d\u0142a ciep\u0142a,<\/li>\n\n\n\n<li>koordynacja monta\u017cu i odbior\u00f3w.<\/li>\n<\/ul>\n\n\n\n<h2 class=\"wp-block-heading\">Magazyny energii<\/h2>\n\n\n\n<p><strong>Nie zostawiamy Ci\u0119  z papierami.<\/strong><\/p>\n\n\n\n<ul class=\"wp-block-list\">\n<li>sprawdzamy, z jakich <strong>dotacji i grant\u00f3w OZE<\/strong> mo\u017cesz skorzysta\u0107 na \u015al\u0105sku,<\/li>\n\n\n\n<li>przygotowujemy wnioski, kosztorysy i wymagane za\u0142\u0105czniki,<\/li>\n\n\n\n<li>kontaktujemy si\u0119 z instytucjami w razie wezwa\u0144 do uzupe\u0142nie\u0144,<\/li>\n\n\n\n<li>pomagamy w rozliczeniu inwestycji po zako\u0144czeniu monta\u017cu.<\/li>\n<\/ul>\n\n\n\n<h2 class=\"wp-block-heading\"><\/h2>\n","protected":false},"excerpt":{"rendered":"<p>Oferta Fotowoltaika, pompy ciep\u0142a i magazyny energii ZEYRA specjalizuje si\u0119 w kompleksowych rozwi\u0105zaniach OZE dla domu i firmy na terenie wojew\u00f3dztwa \u015bl\u0105skiego(nie tylko). Dobieramy instalacje fotowoltaiczne, pompy ciep\u0142a i magazyny energii, a do tego pomagamy w dotacjach i grantach OZE. Wszystko po to, \u017ceby Twoje rachunki by\u0142y ni\u017csze, a formalno\u015bci jak najmniej. Fotowoltaika dla domu [&hellip;]<\/p>\n","protected":false},"author":1,"featured_media":0,"parent":0,"menu_order":0,"comment_status":"closed","ping_status":"closed","template":"","meta":{"footnotes":""},"class_list":["post-241","page","type-page","status-publish","hentry"],"_links":{"self":[{"href":"https:\/\/www.zeyra.com.pl\/index.php?rest_route=\/wp\/v2\/pages\/241","targetHints":{"allow":["GET"]}}],"collection":[{"href":"https:\/\/www.zeyra.com.pl\/index.php?rest_route=\/wp\/v2\/pages"}],"about":[{"href":"https:\/\/www.zeyra.com.pl\/index.php?rest_route=\/wp\/v2\/types\/page"}],"author":[{"embeddable":true,"href":"https:\/\/www.zeyra.com.pl\/index.php?rest_route=\/wp\/v2\/users\/1"}],"replies":[{"embeddable":true,"href":"https:\/\/www.zeyra.com.pl\/index.php?rest_route=%2Fwp%2Fv2%2Fcomments&post=241"}],"version-history":[{"count":3,"href":"https:\/\/www.zeyra.com.pl\/index.php?rest_route=\/wp\/v2\/pages\/241\/revisions"}],"predecessor-version":[{"id":245,"href":"https:\/\/www.zeyra.com.pl\/index.php?rest_route=\/wp\/v2\/pages\/241\/revisions\/245"}],"wp:attachment":[{"href":"https:\/\/www.zeyra.com.pl\/index.php?rest_route=%2Fwp%2Fv2%2Fmedia&parent=241"}],"curies":[{"name":"wp","href":"https:\/\/api.w.org\/{rel}","templated":true}]}}